{"id":14012,"date":"2026-02-26T17:08:00","date_gmt":"2026-02-26T22:08:00","guid":{"rendered":"https:\/\/debellephotography.com\/contact\/"},"modified":"2026-02-26T17:08:00","modified_gmt":"2026-02-26T22:08:00","slug":"contact","status":"publish","type":"page","link":"https:\/\/debellephotography.com\/fr\/contact\/","title":{"rendered":"Contact"},"content":{"rendered":"\t\t<div data-elementor-type=\"wp-page\" data-elementor-id=\"14012\" class=\"elementor elementor-14012 elementor-9928\" data-elementor-post-type=\"page\">\n\t\t\t\t<div data-dce-background-image-url=\"https:\/\/debellephotography.com\/wp-content\/uploads\/Inquires.jpg\" class=\"elementor-element elementor-element-5dc9612 e-flex e-con-boxed e-con e-parent\" data-id=\"5dc9612\" data-element_type=\"container\" data-e-type=\"container\" data-settings=\"{&quot;background_background&quot;:&quot;classic&quot;}\">\n\t\t\t\t\t<div class=\"e-con-inner\">\n\t\t<div class=\"elementor-element elementor-element-a8df8fe e-con-full e-flex e-con e-child\" data-id=\"a8df8fe\" data-element_type=\"container\" data-e-type=\"container\">\n\t\t\t\t<div class=\"elementor-element elementor-element-e458e22 elementor-widget elementor-widget-heading\" data-id=\"e458e22\" data-element_type=\"widget\" data-e-type=\"widget\" data-widget_type=\"heading.default\">\n\t\t\t\t<div class=\"elementor-widget-container\">\n\t\t\t\t\t<p class=\"elementor-heading-title elementor-size-default\">Contactez nous<\/p>\t\t\t\t<\/div>\n\t\t\t\t<\/div>\n\t\t\t\t<div data-dce-title-color=\"#FFFFFF\" class=\"elementor-element elementor-element-24cf7ed elementor-widget elementor-widget-heading\" data-id=\"24cf7ed\" data-element_type=\"widget\" data-e-type=\"widget\" data-widget_type=\"heading.default\">\n\t\t\t\t<div class=\"elementor-widget-container\">\n\t\t\t\t\t<h1 class=\"elementor-heading-title elementor-size-default\">Nous sommes pr\u00eats quand vous l'\u00eates.<\/h1>\t\t\t\t<\/div>\n\t\t\t\t<\/div>\n\t\t\t\t<\/div>\n\t\t\t\t\t<\/div>\n\t\t\t\t<\/div>\n\t\t<div class=\"elementor-element elementor-element-59cee10 e-flex e-con-boxed e-con e-parent\" data-id=\"59cee10\" data-element_type=\"container\" data-e-type=\"container\" id=\"form\" data-settings=\"{&quot;background_background&quot;:&quot;classic&quot;}\">\n\t\t\t\t\t<div class=\"e-con-inner\">\n\t\t\t\t<div data-dce-text-color=\"#FFFFFF\" class=\"elementor-element elementor-element-a170295 elementor-widget elementor-widget-text-editor\" data-id=\"a170295\" data-element_type=\"widget\" data-e-type=\"widget\" data-widget_type=\"text-editor.default\">\n\t\t\t\t<div class=\"elementor-widget-container\">\n\t\t\t\t\t\t\t\t\t<p>Que vous souhaitiez organiser un \u00e9v\u00e9nement intime, embl\u00e9matique ou tout \u00e0 fait personnel, nous serions ravis de savoir ce que vous envisagez. Remplissez le formulaire ci-dessous et indiquez tout d\u00e9tail suppl\u00e9mentaire que vous pensez que nous devrions conna\u00eetre &#8211; votre lieu, votre ambiance, ce qui compte le plus. <\/p><p><strong>Nous vous contacterons pour vous communiquer notre liste de prix et les prochaines \u00e9tapes de la r\u00e9alisation de votre projet.<\/strong><\/p>\t\t\t\t\t\t\t\t<\/div>\n\t\t\t\t<\/div>\n\t\t\t\t<div class=\"elementor-element elementor-element-db2b062 elementor-widget elementor-widget-html\" data-id=\"db2b062\" data-element_type=\"widget\" data-e-type=\"widget\" data-widget_type=\"html.default\">\n\t\t\t\t<div class=\"elementor-widget-container\">\n\t\t\t\t\t<iframe src=\"https:\/\/api.333photo.com\/widget\/form\/yT6VEcRXIJU5bFuTYeVx\" style=\"width:100%;height:100%;border:none;border-radius:0px\" id=\"inline-yT6VEcRXIJU5bFuTYeVx\" data-layout=\"{'id':'INLINE'}\" data-trigger-type=\"alwaysShow\" data-trigger-value=\"\" data-activation-type=\"alwaysActivated\" data-activation-value=\"\" data-deactivation-type=\"neverDeactivate\" data-deactivation-value=\"\" data-form-name=\"Website Form - Contact Us\" data-height=\"535\" data-layout-iframe-id=\"inline-yT6VEcRXIJU5bFuTYeVx\" data-form-id=\"yT6VEcRXIJU5bFuTYeVx\" title=\"Formulaire du site web - Contactez-nous\">\n<\/iframe>\n<script src=\"https:\/\/api.333photo.com\/js\/form_embed.js\"><\/script>\t\t\t\t<\/div>\n\t\t\t\t<\/div>\n\t\t\t\t\t<\/div>\n\t\t\t\t<\/div>\n\t\t\t\t<\/div>\n\t\t","protected":false},"excerpt":{"rendered":"<p>Contactez nous Nous sommes pr\u00eats quand vous l&rsquo;\u00eates. Que vous souhaitiez organiser un \u00e9v\u00e9nement intime, embl\u00e9matique ou tout \u00e0 fait personnel, nous serions ravis de savoir ce que vous envisagez. Remplissez le formulaire ci-dessous et indiquez tout d\u00e9tail suppl\u00e9mentaire que vous pensez que nous devrions conna\u00eetre &#8211; votre lieu, votre ambiance, ce qui compte le [&hellip;]<\/p>\n","protected":false},"author":6,"featured_media":12879,"parent":0,"menu_order":0,"comment_status":"closed","ping_status":"closed","template":"","meta":{"_acf_changed":false,"footnotes":""},"class_list":["post-14012","page","type-page","status-publish","has-post-thumbnail","hentry"],"acf":[],"yoast_head":"<!-- This site is optimized with the Yoast SEO plugin v27.3 - https:\/\/yoast.com\/product\/yoast-seo-wordpress\/ -->\n<title>Contact - de Belle Photography | Montreal Wedding Photography | Montreal Wedding Photographer<\/title>\n<meta name=\"robots\" content=\"index, follow, max-snippet:-1, max-image-preview:large, max-video-preview:-1\" \/>\n<link rel=\"canonical\" href=\"https:\/\/debellephotography.com\/fr\/contact\/\" \/>\n<meta property=\"og:locale\" content=\"fr_FR\" \/>\n<meta property=\"og:type\" content=\"article\" \/>\n<meta property=\"og:title\" content=\"Contact - de Belle Photography | Montreal Wedding Photography | Montreal Wedding Photographer\" \/>\n<meta property=\"og:description\" content=\"Contactez nous Nous sommes pr\u00eats quand vous l&rsquo;\u00eates. Que vous souhaitiez organiser un \u00e9v\u00e9nement intime, embl\u00e9matique ou tout \u00e0 fait personnel, nous serions ravis de savoir ce que vous envisagez. Remplissez le formulaire ci-dessous et indiquez tout d\u00e9tail suppl\u00e9mentaire que vous pensez que nous devrions conna\u00eetre &#8211; votre lieu, votre ambiance, ce qui compte le [&hellip;]\" \/>\n<meta property=\"og:url\" content=\"https:\/\/debellephotography.com\/fr\/contact\/\" \/>\n<meta property=\"og:site_name\" content=\"de Belle Photography | Montreal Wedding Photography | Montreal Wedding Photographer\" \/>\n<meta property=\"og:image\" content=\"https:\/\/debellephotography.com\/wp-content\/uploads\/de-belle-photography-team-1.jpg\" \/>\n\t<meta property=\"og:image:width\" content=\"2500\" \/>\n\t<meta property=\"og:image:height\" content=\"1126\" \/>\n\t<meta property=\"og:image:type\" content=\"image\/jpeg\" \/>\n<meta name=\"twitter:card\" content=\"summary_large_image\" \/>\n<script type=\"application\/ld+json\" class=\"yoast-schema-graph\">{\"@context\":\"https:\\\/\\\/schema.org\",\"@graph\":[{\"@type\":\"WebPage\",\"@id\":\"https:\\\/\\\/debellephotography.com\\\/fr\\\/contact\\\/\",\"url\":\"https:\\\/\\\/debellephotography.com\\\/fr\\\/contact\\\/\",\"name\":\"Contact - de Belle Photography | Montreal Wedding Photography | Montreal Wedding Photographer\",\"isPartOf\":{\"@id\":\"https:\\\/\\\/debellephotography.com\\\/#website\"},\"primaryImageOfPage\":{\"@id\":\"https:\\\/\\\/debellephotography.com\\\/fr\\\/contact\\\/#primaryimage\"},\"image\":{\"@id\":\"https:\\\/\\\/debellephotography.com\\\/fr\\\/contact\\\/#primaryimage\"},\"thumbnailUrl\":\"https:\\\/\\\/debellephotography.com\\\/wp-content\\\/uploads\\\/de-belle-photography-team-1.jpg\",\"datePublished\":\"2026-02-26T22:08:00+00:00\",\"breadcrumb\":{\"@id\":\"https:\\\/\\\/debellephotography.com\\\/fr\\\/contact\\\/#breadcrumb\"},\"inLanguage\":\"fr-FR\",\"potentialAction\":[{\"@type\":\"ReadAction\",\"target\":[\"https:\\\/\\\/debellephotography.com\\\/fr\\\/contact\\\/\"]}]},{\"@type\":\"ImageObject\",\"inLanguage\":\"fr-FR\",\"@id\":\"https:\\\/\\\/debellephotography.com\\\/fr\\\/contact\\\/#primaryimage\",\"url\":\"https:\\\/\\\/debellephotography.com\\\/wp-content\\\/uploads\\\/de-belle-photography-team-1.jpg\",\"contentUrl\":\"https:\\\/\\\/debellephotography.com\\\/wp-content\\\/uploads\\\/de-belle-photography-team-1.jpg\",\"width\":2500,\"height\":1126},{\"@type\":\"BreadcrumbList\",\"@id\":\"https:\\\/\\\/debellephotography.com\\\/fr\\\/contact\\\/#breadcrumb\",\"itemListElement\":[{\"@type\":\"ListItem\",\"position\":1,\"name\":\"Home\",\"item\":\"https:\\\/\\\/debellephotography.com\\\/fr\\\/accueil\\\/\"},{\"@type\":\"ListItem\",\"position\":2,\"name\":\"Contact\"}]},{\"@type\":\"WebSite\",\"@id\":\"https:\\\/\\\/debellephotography.com\\\/#website\",\"url\":\"https:\\\/\\\/debellephotography.com\\\/\",\"name\":\"de Belle Photography | Montreal Wedding Photography | Montreal Wedding Photographer\",\"description\":\"Voted in the top 10 best Wedding Photographers in Montreal, de Belle Photography is an award-winning Montreal Wedding Photographer specializing in candid and documentary wedding images, with a fashion flair.\",\"publisher\":{\"@id\":\"https:\\\/\\\/debellephotography.com\\\/#organization\"},\"potentialAction\":[{\"@type\":\"SearchAction\",\"target\":{\"@type\":\"EntryPoint\",\"urlTemplate\":\"https:\\\/\\\/debellephotography.com\\\/?s={search_term_string}\"},\"query-input\":{\"@type\":\"PropertyValueSpecification\",\"valueRequired\":true,\"valueName\":\"search_term_string\"}}],\"inLanguage\":\"fr-FR\"},{\"@type\":\"Organization\",\"@id\":\"https:\\\/\\\/debellephotography.com\\\/#organization\",\"name\":\"de Belle Photography\",\"url\":\"https:\\\/\\\/debellephotography.com\\\/\",\"logo\":{\"@type\":\"ImageObject\",\"inLanguage\":\"fr-FR\",\"@id\":\"https:\\\/\\\/debellephotography.com\\\/#\\\/schema\\\/logo\\\/image\\\/\",\"url\":\"https:\\\/\\\/debellephotography.com\\\/wp-content\\\/uploads\\\/041_debellephotography.jpg\",\"contentUrl\":\"https:\\\/\\\/debellephotography.com\\\/wp-content\\\/uploads\\\/041_debellephotography.jpg\",\"width\":900,\"height\":900,\"caption\":\"de Belle Photography\"},\"image\":{\"@id\":\"https:\\\/\\\/debellephotography.com\\\/#\\\/schema\\\/logo\\\/image\\\/\"}}]}<\/script>\n<!-- \/ Yoast SEO plugin. -->","yoast_head_json":{"title":"Contact - de Belle Photography | Montreal Wedding Photography | Montreal Wedding Photographer","robots":{"index":"index","follow":"follow","max-snippet":"max-snippet:-1","max-image-preview":"max-image-preview:large","max-video-preview":"max-video-preview:-1"},"canonical":"https:\/\/debellephotography.com\/fr\/contact\/","og_locale":"fr_FR","og_type":"article","og_title":"Contact - de Belle Photography | Montreal Wedding Photography | Montreal Wedding Photographer","og_description":"Contactez nous Nous sommes pr\u00eats quand vous l&rsquo;\u00eates. Que vous souhaitiez organiser un \u00e9v\u00e9nement intime, embl\u00e9matique ou tout \u00e0 fait personnel, nous serions ravis de savoir ce que vous envisagez. Remplissez le formulaire ci-dessous et indiquez tout d\u00e9tail suppl\u00e9mentaire que vous pensez que nous devrions conna\u00eetre &#8211; votre lieu, votre ambiance, ce qui compte le [&hellip;]","og_url":"https:\/\/debellephotography.com\/fr\/contact\/","og_site_name":"de Belle Photography | Montreal Wedding Photography | Montreal Wedding Photographer","og_image":[{"width":2500,"height":1126,"url":"https:\/\/debellephotography.com\/wp-content\/uploads\/de-belle-photography-team-1.jpg","type":"image\/jpeg"}],"twitter_card":"summary_large_image","schema":{"@context":"https:\/\/schema.org","@graph":[{"@type":"WebPage","@id":"https:\/\/debellephotography.com\/fr\/contact\/","url":"https:\/\/debellephotography.com\/fr\/contact\/","name":"Contact - de Belle Photography | Montreal Wedding Photography | Montreal Wedding Photographer","isPartOf":{"@id":"https:\/\/debellephotography.com\/#website"},"primaryImageOfPage":{"@id":"https:\/\/debellephotography.com\/fr\/contact\/#primaryimage"},"image":{"@id":"https:\/\/debellephotography.com\/fr\/contact\/#primaryimage"},"thumbnailUrl":"https:\/\/debellephotography.com\/wp-content\/uploads\/de-belle-photography-team-1.jpg","datePublished":"2026-02-26T22:08:00+00:00","breadcrumb":{"@id":"https:\/\/debellephotography.com\/fr\/contact\/#breadcrumb"},"inLanguage":"fr-FR","potentialAction":[{"@type":"ReadAction","target":["https:\/\/debellephotography.com\/fr\/contact\/"]}]},{"@type":"ImageObject","inLanguage":"fr-FR","@id":"https:\/\/debellephotography.com\/fr\/contact\/#primaryimage","url":"https:\/\/debellephotography.com\/wp-content\/uploads\/de-belle-photography-team-1.jpg","contentUrl":"https:\/\/debellephotography.com\/wp-content\/uploads\/de-belle-photography-team-1.jpg","width":2500,"height":1126},{"@type":"BreadcrumbList","@id":"https:\/\/debellephotography.com\/fr\/contact\/#breadcrumb","itemListElement":[{"@type":"ListItem","position":1,"name":"Home","item":"https:\/\/debellephotography.com\/fr\/accueil\/"},{"@type":"ListItem","position":2,"name":"Contact"}]},{"@type":"WebSite","@id":"https:\/\/debellephotography.com\/#website","url":"https:\/\/debellephotography.com\/","name":"de Belle Photography | Montreal Wedding Photography | Montreal Wedding Photographer","description":"Voted in the top 10 best Wedding Photographers in Montreal, de Belle Photography is an award-winning Montreal Wedding Photographer specializing in candid and documentary wedding images, with a fashion flair.","publisher":{"@id":"https:\/\/debellephotography.com\/#organization"},"potentialAction":[{"@type":"SearchAction","target":{"@type":"EntryPoint","urlTemplate":"https:\/\/debellephotography.com\/?s={search_term_string}"},"query-input":{"@type":"PropertyValueSpecification","valueRequired":true,"valueName":"search_term_string"}}],"inLanguage":"fr-FR"},{"@type":"Organization","@id":"https:\/\/debellephotography.com\/#organization","name":"de Belle Photography","url":"https:\/\/debellephotography.com\/","logo":{"@type":"ImageObject","inLanguage":"fr-FR","@id":"https:\/\/debellephotography.com\/#\/schema\/logo\/image\/","url":"https:\/\/debellephotography.com\/wp-content\/uploads\/041_debellephotography.jpg","contentUrl":"https:\/\/debellephotography.com\/wp-content\/uploads\/041_debellephotography.jpg","width":900,"height":900,"caption":"de Belle Photography"},"image":{"@id":"https:\/\/debellephotography.com\/#\/schema\/logo\/image\/"}}]}},"_links":{"self":[{"href":"https:\/\/debellephotography.com\/fr\/wp-json\/wp\/v2\/pages\/14012","targetHints":{"allow":["GET"]}}],"collection":[{"href":"https:\/\/debellephotography.com\/fr\/wp-json\/wp\/v2\/pages"}],"about":[{"href":"https:\/\/debellephotography.com\/fr\/wp-json\/wp\/v2\/types\/page"}],"author":[{"embeddable":true,"href":"https:\/\/debellephotography.com\/fr\/wp-json\/wp\/v2\/users\/6"}],"replies":[{"embeddable":true,"href":"https:\/\/debellephotography.com\/fr\/wp-json\/wp\/v2\/comments?post=14012"}],"version-history":[{"count":1,"href":"https:\/\/debellephotography.com\/fr\/wp-json\/wp\/v2\/pages\/14012\/revisions"}],"predecessor-version":[{"id":14014,"href":"https:\/\/debellephotography.com\/fr\/wp-json\/wp\/v2\/pages\/14012\/revisions\/14014"}],"wp:featuredmedia":[{"embeddable":true,"href":"https:\/\/debellephotography.com\/fr\/wp-json\/wp\/v2\/media\/12879"}],"wp:attachment":[{"href":"https:\/\/debellephotography.com\/fr\/wp-json\/wp\/v2\/media?parent=14012"}],"curies":[{"name":"wp","href":"https:\/\/api.w.org\/{rel}","templated":true}]}}