{"id":13669,"date":"2026-02-18T16:05:11","date_gmt":"2026-02-18T21:05:11","guid":{"rendered":"https:\/\/debellephotography.com\/cinema\/"},"modified":"2026-02-18T16:06:23","modified_gmt":"2026-02-18T21:06:23","slug":"cinema","status":"publish","type":"page","link":"https:\/\/debellephotography.com\/fr\/cinema\/","title":{"rendered":"Cin\u00e9ma"},"content":{"rendered":"\t\t<div data-elementor-type=\"wp-page\" data-elementor-id=\"13669\" class=\"elementor elementor-13669 elementor-12007\" data-elementor-post-type=\"page\">\n\t\t\t\t<div data-dce-background-color=\"#000000\" class=\"elementor-element elementor-element-3208d6e e-flex e-con-boxed e-con e-parent\" data-id=\"3208d6e\" data-element_type=\"container\" data-e-type=\"container\" data-settings=\"{&quot;background_background&quot;:&quot;classic&quot;}\">\n\t\t\t\t\t<div class=\"e-con-inner\">\n\t\t\t\t<div data-dce-title-color=\"#FFFFFF\" class=\"elementor-element elementor-element-81fa83c elementor-widget elementor-widget-heading\" data-id=\"81fa83c\" data-element_type=\"widget\" data-e-type=\"widget\" data-widget_type=\"heading.default\">\n\t\t\t\t<div class=\"elementor-widget-container\">\n\t\t\t\t\t<p class=\"elementor-heading-title elementor-size-default\">Nous capturons votre mariage ou \u00e9v\u00e9nement avec un regard cin\u00e9matographique, cr\u00e9ant de magnifiques images spontan\u00e9es, accompagn\u00e9es d\u2019un processus de montage cr\u00e9atif. Pour chaque \u00e9v\u00e9nement, nous fournissons vos images brutes et proposons une vari\u00e9t\u00e9 de formats de montage. Du clip populaire de 3 \u00e0 5 minutes, aux films complets de 20 \u00e0 30 minutes, nous adaptons \u00e9galement la musique \u00e0 votre style. Ci-dessous, vous trouverez quelques extraits qui vous donneront une id\u00e9e de ce que nous pouvons r\u00e9aliser.   \n\n<\/p>\t\t\t\t<\/div>\n\t\t\t\t<\/div>\n\t\t\t\t\t<\/div>\n\t\t\t\t<\/div>\n\t\t<div data-dce-background-color=\"#000000\" class=\"elementor-element elementor-element-cb538a9 e-flex e-con-boxed e-con e-parent\" data-id=\"cb538a9\" data-element_type=\"container\" data-e-type=\"container\" data-settings=\"{&quot;background_background&quot;:&quot;classic&quot;}\">\n\t\t\t\t\t<div class=\"e-con-inner\">\n\t\t<div class=\"elementor-element elementor-element-9fdf71b e-con-full e-flex e-con e-child\" data-id=\"9fdf71b\" data-element_type=\"container\" data-e-type=\"container\">\n\t\t\t\t<div class=\"elementor-element elementor-element-016acba elementor-widget elementor-widget-video\" data-id=\"016acba\" data-element_type=\"widget\" data-e-type=\"widget\" data-settings=\"{&quot;youtube_url&quot;:&quot;https:\\\/\\\/youtu.be\\\/7v7XpFxIKJc&quot;,&quot;video_type&quot;:&quot;youtube&quot;,&quot;controls&quot;:&quot;yes&quot;}\" data-widget_type=\"video.default\">\n\t\t\t\t<div class=\"elementor-widget-container\">\n\t\t\t\t\t\t\t<div class=\"elementor-wrapper elementor-open-inline\">\n\t\t\t<div class=\"elementor-video\"><\/div>\t\t<\/div>\n\t\t\t\t\t\t<\/div>\n\t\t\t\t<\/div>\n\t\t\t\t<\/div>\n\t\t<div class=\"elementor-element elementor-element-e0578f6 e-con-full e-flex e-con e-child\" data-id=\"e0578f6\" data-element_type=\"container\" data-e-type=\"container\">\n\t\t\t\t<div class=\"elementor-element elementor-element-46f8749 elementor-widget elementor-widget-video\" data-id=\"46f8749\" data-element_type=\"widget\" data-e-type=\"widget\" data-settings=\"{&quot;youtube_url&quot;:&quot;https:\\\/\\\/youtu.be\\\/ENtInWtgCRM&quot;,&quot;video_type&quot;:&quot;youtube&quot;,&quot;controls&quot;:&quot;yes&quot;}\" data-widget_type=\"video.default\">\n\t\t\t\t<div class=\"elementor-widget-container\">\n\t\t\t\t\t\t\t<div class=\"elementor-wrapper elementor-open-inline\">\n\t\t\t<div class=\"elementor-video\"><\/div>\t\t<\/div>\n\t\t\t\t\t\t<\/div>\n\t\t\t\t<\/div>\n\t\t\t\t<\/div>\n\t\t<div class=\"elementor-element elementor-element-3909836 e-con-full e-flex e-con e-child\" data-id=\"3909836\" data-element_type=\"container\" data-e-type=\"container\">\n\t\t\t\t<div class=\"elementor-element elementor-element-17e373b elementor-widget elementor-widget-video\" data-id=\"17e373b\" data-element_type=\"widget\" data-e-type=\"widget\" data-settings=\"{&quot;youtube_url&quot;:&quot;https:\\\/\\\/youtu.be\\\/OuDbV5xXNDw?list=PLlyrbxQmRmhoMVXKCKL-7EkTZLaJEJBy6&quot;,&quot;video_type&quot;:&quot;youtube&quot;,&quot;controls&quot;:&quot;yes&quot;}\" data-widget_type=\"video.default\">\n\t\t\t\t<div class=\"elementor-widget-container\">\n\t\t\t\t\t\t\t<div class=\"elementor-wrapper elementor-open-inline\">\n\t\t\t<div class=\"elementor-video\"><\/div>\t\t<\/div>\n\t\t\t\t\t\t<\/div>\n\t\t\t\t<\/div>\n\t\t\t\t<\/div>\n\t\t<div class=\"elementor-element elementor-element-53d4dd9 e-con-full e-flex e-con e-child\" data-id=\"53d4dd9\" data-element_type=\"container\" data-e-type=\"container\">\n\t\t\t\t<div class=\"elementor-element elementor-element-700da75 elementor-widget elementor-widget-video\" data-id=\"700da75\" data-element_type=\"widget\" data-e-type=\"widget\" data-settings=\"{&quot;youtube_url&quot;:&quot;https:\\\/\\\/youtu.be\\\/GZRQ9y3oyX0?list=PLlyrbxQmRmhoMVXKCKL-7EkTZLaJEJBy6&quot;,&quot;video_type&quot;:&quot;youtube&quot;,&quot;controls&quot;:&quot;yes&quot;}\" data-widget_type=\"video.default\">\n\t\t\t\t<div class=\"elementor-widget-container\">\n\t\t\t\t\t\t\t<div class=\"elementor-wrapper elementor-open-inline\">\n\t\t\t<div class=\"elementor-video\"><\/div>\t\t<\/div>\n\t\t\t\t\t\t<\/div>\n\t\t\t\t<\/div>\n\t\t\t\t<\/div>\n\t\t<div class=\"elementor-element elementor-element-4523fc2 e-con-full e-flex e-con e-child\" data-id=\"4523fc2\" data-element_type=\"container\" data-e-type=\"container\">\n\t\t\t\t<div class=\"elementor-element elementor-element-67c40b4 elementor-widget elementor-widget-video\" data-id=\"67c40b4\" data-element_type=\"widget\" data-e-type=\"widget\" data-settings=\"{&quot;youtube_url&quot;:&quot;https:\\\/\\\/youtu.be\\\/sHspAVplYEo&quot;,&quot;video_type&quot;:&quot;youtube&quot;,&quot;controls&quot;:&quot;yes&quot;}\" data-widget_type=\"video.default\">\n\t\t\t\t<div class=\"elementor-widget-container\">\n\t\t\t\t\t\t\t<div class=\"elementor-wrapper elementor-open-inline\">\n\t\t\t<div class=\"elementor-video\"><\/div>\t\t<\/div>\n\t\t\t\t\t\t<\/div>\n\t\t\t\t<\/div>\n\t\t\t\t<\/div>\n\t\t<div class=\"elementor-element elementor-element-313c7c0 e-con-full e-flex e-con e-child\" data-id=\"313c7c0\" data-element_type=\"container\" data-e-type=\"container\">\n\t\t\t\t<div class=\"elementor-element elementor-element-d7570d4 elementor-widget elementor-widget-video\" data-id=\"d7570d4\" data-element_type=\"widget\" data-e-type=\"widget\" data-settings=\"{&quot;youtube_url&quot;:&quot;https:\\\/\\\/youtu.be\\\/QZfauugSKG0&quot;,&quot;video_type&quot;:&quot;youtube&quot;,&quot;controls&quot;:&quot;yes&quot;}\" data-widget_type=\"video.default\">\n\t\t\t\t<div class=\"elementor-widget-container\">\n\t\t\t\t\t\t\t<div class=\"elementor-wrapper elementor-open-inline\">\n\t\t\t<div class=\"elementor-video\"><\/div>\t\t<\/div>\n\t\t\t\t\t\t<\/div>\n\t\t\t\t<\/div>\n\t\t\t\t<\/div>\n\t\t<div class=\"elementor-element elementor-element-a086aba e-con-full e-flex e-con e-child\" data-id=\"a086aba\" data-element_type=\"container\" data-e-type=\"container\">\n\t\t\t\t<div class=\"elementor-element elementor-element-2f3bbb7 elementor-widget elementor-widget-video\" data-id=\"2f3bbb7\" data-element_type=\"widget\" data-e-type=\"widget\" data-settings=\"{&quot;youtube_url&quot;:&quot;https:\\\/\\\/youtu.be\\\/mIiJz9h5yF0&quot;,&quot;video_type&quot;:&quot;youtube&quot;,&quot;controls&quot;:&quot;yes&quot;}\" data-widget_type=\"video.default\">\n\t\t\t\t<div class=\"elementor-widget-container\">\n\t\t\t\t\t\t\t<div class=\"elementor-wrapper elementor-open-inline\">\n\t\t\t<div class=\"elementor-video\"><\/div>\t\t<\/div>\n\t\t\t\t\t\t<\/div>\n\t\t\t\t<\/div>\n\t\t\t\t<\/div>\n\t\t<div class=\"elementor-element elementor-element-427b591 e-con-full e-flex e-con e-child\" data-id=\"427b591\" data-element_type=\"container\" data-e-type=\"container\">\n\t\t\t\t<div class=\"elementor-element elementor-element-4169d19 elementor-widget elementor-widget-video\" data-id=\"4169d19\" data-element_type=\"widget\" data-e-type=\"widget\" data-settings=\"{&quot;youtube_url&quot;:&quot;https:\\\/\\\/youtu.be\\\/tl2C__0NKsM?list=PLlyrbxQmRmhoMVXKCKL-7EkTZLaJEJBy6&quot;,&quot;video_type&quot;:&quot;youtube&quot;,&quot;controls&quot;:&quot;yes&quot;}\" data-widget_type=\"video.default\">\n\t\t\t\t<div class=\"elementor-widget-container\">\n\t\t\t\t\t\t\t<div class=\"elementor-wrapper elementor-open-inline\">\n\t\t\t<div class=\"elementor-video\"><\/div>\t\t<\/div>\n\t\t\t\t\t\t<\/div>\n\t\t\t\t<\/div>\n\t\t\t\t<\/div>\n\t\t<div class=\"elementor-element elementor-element-59c4edd e-con-full e-flex e-con e-child\" data-id=\"59c4edd\" data-element_type=\"container\" data-e-type=\"container\">\n\t\t\t\t<div class=\"elementor-element elementor-element-e830a65 elementor-widget elementor-widget-video\" data-id=\"e830a65\" data-element_type=\"widget\" data-e-type=\"widget\" data-settings=\"{&quot;youtube_url&quot;:&quot;https:\\\/\\\/youtu.be\\\/5RYsvMCoL9Y&quot;,&quot;video_type&quot;:&quot;youtube&quot;,&quot;controls&quot;:&quot;yes&quot;}\" data-widget_type=\"video.default\">\n\t\t\t\t<div class=\"elementor-widget-container\">\n\t\t\t\t\t\t\t<div class=\"elementor-wrapper elementor-open-inline\">\n\t\t\t<div class=\"elementor-video\"><\/div>\t\t<\/div>\n\t\t\t\t\t\t<\/div>\n\t\t\t\t<\/div>\n\t\t\t\t<\/div>\n\t\t<div class=\"elementor-element elementor-element-101d992 e-con-full e-flex e-con e-child\" data-id=\"101d992\" data-element_type=\"container\" data-e-type=\"container\">\n\t\t\t\t<div class=\"elementor-element elementor-element-0674773 elementor-widget elementor-widget-video\" data-id=\"0674773\" data-element_type=\"widget\" data-e-type=\"widget\" data-settings=\"{&quot;youtube_url&quot;:&quot;https:\\\/\\\/youtu.be\\\/OOGYtLa_0_U&quot;,&quot;video_type&quot;:&quot;youtube&quot;,&quot;controls&quot;:&quot;yes&quot;}\" data-widget_type=\"video.default\">\n\t\t\t\t<div class=\"elementor-widget-container\">\n\t\t\t\t\t\t\t<div class=\"elementor-wrapper elementor-open-inline\">\n\t\t\t<div class=\"elementor-video\"><\/div>\t\t<\/div>\n\t\t\t\t\t\t<\/div>\n\t\t\t\t<\/div>\n\t\t\t\t<\/div>\n\t\t<div class=\"elementor-element elementor-element-fd1523d e-con-full e-flex e-con e-child\" data-id=\"fd1523d\" data-element_type=\"container\" data-e-type=\"container\">\n\t\t\t\t<div class=\"elementor-element elementor-element-0b45c70 elementor-widget elementor-widget-video\" data-id=\"0b45c70\" data-element_type=\"widget\" data-e-type=\"widget\" data-settings=\"{&quot;youtube_url&quot;:&quot;https:\\\/\\\/youtu.be\\\/Zvm1s3aeLPU?list=PLlyrbxQmRmhoMVXKCKL-7EkTZLaJEJBy6&quot;,&quot;video_type&quot;:&quot;youtube&quot;,&quot;controls&quot;:&quot;yes&quot;}\" data-widget_type=\"video.default\">\n\t\t\t\t<div class=\"elementor-widget-container\">\n\t\t\t\t\t\t\t<div class=\"elementor-wrapper elementor-open-inline\">\n\t\t\t<div class=\"elementor-video\"><\/div>\t\t<\/div>\n\t\t\t\t\t\t<\/div>\n\t\t\t\t<\/div>\n\t\t\t\t<\/div>\n\t\t<div class=\"elementor-element elementor-element-020ee6d e-con-full e-flex e-con e-child\" data-id=\"020ee6d\" data-element_type=\"container\" data-e-type=\"container\">\n\t\t\t\t<div class=\"elementor-element elementor-element-be910a7 elementor-widget elementor-widget-video\" data-id=\"be910a7\" data-element_type=\"widget\" data-e-type=\"widget\" data-settings=\"{&quot;youtube_url&quot;:&quot;https:\\\/\\\/youtu.be\\\/o-a7CA9iYsY?list=PLlyrbxQmRmhoMVXKCKL-7EkTZLaJEJBy6&quot;,&quot;video_type&quot;:&quot;youtube&quot;,&quot;controls&quot;:&quot;yes&quot;}\" data-widget_type=\"video.default\">\n\t\t\t\t<div class=\"elementor-widget-container\">\n\t\t\t\t\t\t\t<div class=\"elementor-wrapper elementor-open-inline\">\n\t\t\t<div class=\"elementor-video\"><\/div>\t\t<\/div>\n\t\t\t\t\t\t<\/div>\n\t\t\t\t<\/div>\n\t\t\t\t<\/div>\n\t\t<div class=\"elementor-element elementor-element-eb1911e e-con-full e-flex e-con e-child\" data-id=\"eb1911e\" data-element_type=\"container\" data-e-type=\"container\">\n\t\t\t\t<div class=\"elementor-element elementor-element-e9c0513 elementor-widget elementor-widget-video\" data-id=\"e9c0513\" data-element_type=\"widget\" data-e-type=\"widget\" data-settings=\"{&quot;youtube_url&quot;:&quot;https:\\\/\\\/youtu.be\\\/FYgXH0Nr5c4?list=PLlyrbxQmRmhoMVXKCKL-7EkTZLaJEJBy6&quot;,&quot;video_type&quot;:&quot;youtube&quot;,&quot;controls&quot;:&quot;yes&quot;}\" data-widget_type=\"video.default\">\n\t\t\t\t<div class=\"elementor-widget-container\">\n\t\t\t\t\t\t\t<div class=\"elementor-wrapper elementor-open-inline\">\n\t\t\t<div class=\"elementor-video\"><\/div>\t\t<\/div>\n\t\t\t\t\t\t<\/div>\n\t\t\t\t<\/div>\n\t\t\t\t<\/div>\n\t\t<div class=\"elementor-element elementor-element-7dcc912 e-con-full e-flex e-con e-child\" data-id=\"7dcc912\" data-element_type=\"container\" data-e-type=\"container\">\n\t\t\t\t<div class=\"elementor-element elementor-element-329b723 elementor-widget elementor-widget-video\" data-id=\"329b723\" data-element_type=\"widget\" data-e-type=\"widget\" data-settings=\"{&quot;youtube_url&quot;:&quot;https:\\\/\\\/youtu.be\\\/qZl8eLSEeVY?list=PLlyrbxQmRmhoMVXKCKL-7EkTZLaJEJBy6&quot;,&quot;video_type&quot;:&quot;youtube&quot;,&quot;controls&quot;:&quot;yes&quot;}\" data-widget_type=\"video.default\">\n\t\t\t\t<div class=\"elementor-widget-container\">\n\t\t\t\t\t\t\t<div class=\"elementor-wrapper elementor-open-inline\">\n\t\t\t<div class=\"elementor-video\"><\/div>\t\t<\/div>\n\t\t\t\t\t\t<\/div>\n\t\t\t\t<\/div>\n\t\t\t\t<\/div>\n\t\t<div class=\"elementor-element elementor-element-4c9c8b5 e-con-full e-flex e-con e-child\" data-id=\"4c9c8b5\" data-element_type=\"container\" data-e-type=\"container\">\n\t\t\t\t<div class=\"elementor-element elementor-element-d98c753 elementor-widget elementor-widget-video\" data-id=\"d98c753\" data-element_type=\"widget\" data-e-type=\"widget\" data-settings=\"{&quot;youtube_url&quot;:&quot;https:\\\/\\\/youtu.be\\\/8YWoJWOGIoU&quot;,&quot;video_type&quot;:&quot;youtube&quot;,&quot;controls&quot;:&quot;yes&quot;}\" data-widget_type=\"video.default\">\n\t\t\t\t<div class=\"elementor-widget-container\">\n\t\t\t\t\t\t\t<div class=\"elementor-wrapper elementor-open-inline\">\n\t\t\t<div class=\"elementor-video\"><\/div>\t\t<\/div>\n\t\t\t\t\t\t<\/div>\n\t\t\t\t<\/div>\n\t\t\t\t<\/div>\n\t\t\t\t\t<\/div>\n\t\t\t\t<\/div>\n\t\t\t\t<\/div>\n\t\t","protected":false},"excerpt":{"rendered":"<p>Nous capturons votre mariage ou \u00e9v\u00e9nement avec un regard cin\u00e9matographique, cr\u00e9ant de magnifiques images spontan\u00e9es, accompagn\u00e9es d\u2019un processus de montage cr\u00e9atif. Pour chaque \u00e9v\u00e9nement, nous fournissons vos images brutes et proposons une vari\u00e9t\u00e9 de formats de montage. Du clip populaire de 3 \u00e0 5 minutes, aux films complets de 20 \u00e0 30 minutes, nous adaptons [&hellip;]<\/p>\n","protected":false},"author":3,"featured_media":12879,"parent":0,"menu_order":0,"comment_status":"closed","ping_status":"closed","template":"","meta":{"_acf_changed":false,"footnotes":""},"class_list":["post-13669","page","type-page","status-publish","has-post-thumbnail","hentry"],"acf":[],"yoast_head":"<!-- This site is optimized with the Yoast SEO plugin v27.3 - https:\/\/yoast.com\/product\/yoast-seo-wordpress\/ -->\n<title>Cin\u00e9ma - de Belle Photography | Montreal Wedding Photography | Montreal Wedding Photographer<\/title>\n<meta name=\"robots\" content=\"index, follow, max-snippet:-1, max-image-preview:large, max-video-preview:-1\" \/>\n<link rel=\"canonical\" href=\"https:\/\/debellephotography.com\/fr\/cinema\/\" \/>\n<meta property=\"og:locale\" content=\"fr_FR\" \/>\n<meta property=\"og:type\" content=\"article\" \/>\n<meta property=\"og:title\" content=\"Cin\u00e9ma - de Belle Photography | Montreal Wedding Photography | Montreal Wedding Photographer\" \/>\n<meta property=\"og:description\" content=\"Nous capturons votre mariage ou \u00e9v\u00e9nement avec un regard cin\u00e9matographique, cr\u00e9ant de magnifiques images spontan\u00e9es, accompagn\u00e9es d\u2019un processus de montage cr\u00e9atif. Pour chaque \u00e9v\u00e9nement, nous fournissons vos images brutes et proposons une vari\u00e9t\u00e9 de formats de montage. Du clip populaire de 3 \u00e0 5 minutes, aux films complets de 20 \u00e0 30 minutes, nous adaptons [&hellip;]\" \/>\n<meta property=\"og:url\" content=\"https:\/\/debellephotography.com\/fr\/cinema\/\" \/>\n<meta property=\"og:site_name\" content=\"de Belle Photography | Montreal Wedding Photography | Montreal Wedding Photographer\" \/>\n<meta property=\"article:modified_time\" content=\"2026-02-18T21:06:23+00:00\" \/>\n<meta property=\"og:image\" content=\"https:\/\/debellephotography.com\/wp-content\/uploads\/de-belle-photography-team-1.jpg\" \/>\n\t<meta property=\"og:image:width\" content=\"2500\" \/>\n\t<meta property=\"og:image:height\" content=\"1126\" \/>\n\t<meta property=\"og:image:type\" content=\"image\/jpeg\" \/>\n<meta name=\"twitter:card\" content=\"summary_large_image\" \/>\n<meta name=\"twitter:label1\" content=\"Dur\u00e9e de lecture estim\u00e9e\" \/>\n\t<meta name=\"twitter:data1\" content=\"1 minute\" \/>\n<script type=\"application\/ld+json\" class=\"yoast-schema-graph\">{\"@context\":\"https:\\\/\\\/schema.org\",\"@graph\":[{\"@type\":\"WebPage\",\"@id\":\"https:\\\/\\\/debellephotography.com\\\/fr\\\/cinema\\\/\",\"url\":\"https:\\\/\\\/debellephotography.com\\\/fr\\\/cinema\\\/\",\"name\":\"Cin\u00e9ma - de Belle Photography | Montreal Wedding Photography | Montreal Wedding Photographer\",\"isPartOf\":{\"@id\":\"https:\\\/\\\/debellephotography.com\\\/#website\"},\"primaryImageOfPage\":{\"@id\":\"https:\\\/\\\/debellephotography.com\\\/fr\\\/cinema\\\/#primaryimage\"},\"image\":{\"@id\":\"https:\\\/\\\/debellephotography.com\\\/fr\\\/cinema\\\/#primaryimage\"},\"thumbnailUrl\":\"https:\\\/\\\/debellephotography.com\\\/wp-content\\\/uploads\\\/de-belle-photography-team-1.jpg\",\"datePublished\":\"2026-02-18T21:05:11+00:00\",\"dateModified\":\"2026-02-18T21:06:23+00:00\",\"breadcrumb\":{\"@id\":\"https:\\\/\\\/debellephotography.com\\\/fr\\\/cinema\\\/#breadcrumb\"},\"inLanguage\":\"fr-FR\",\"potentialAction\":[{\"@type\":\"ReadAction\",\"target\":[\"https:\\\/\\\/debellephotography.com\\\/fr\\\/cinema\\\/\"]}]},{\"@type\":\"ImageObject\",\"inLanguage\":\"fr-FR\",\"@id\":\"https:\\\/\\\/debellephotography.com\\\/fr\\\/cinema\\\/#primaryimage\",\"url\":\"https:\\\/\\\/debellephotography.com\\\/wp-content\\\/uploads\\\/de-belle-photography-team-1.jpg\",\"contentUrl\":\"https:\\\/\\\/debellephotography.com\\\/wp-content\\\/uploads\\\/de-belle-photography-team-1.jpg\",\"width\":2500,\"height\":1126},{\"@type\":\"BreadcrumbList\",\"@id\":\"https:\\\/\\\/debellephotography.com\\\/fr\\\/cinema\\\/#breadcrumb\",\"itemListElement\":[{\"@type\":\"ListItem\",\"position\":1,\"name\":\"Home\",\"item\":\"https:\\\/\\\/debellephotography.com\\\/fr\\\/accueil\\\/\"},{\"@type\":\"ListItem\",\"position\":2,\"name\":\"Cin\u00e9ma\"}]},{\"@type\":\"WebSite\",\"@id\":\"https:\\\/\\\/debellephotography.com\\\/#website\",\"url\":\"https:\\\/\\\/debellephotography.com\\\/\",\"name\":\"de Belle Photography | Montreal Wedding Photography | Montreal Wedding Photographer\",\"description\":\"Voted in the top 10 best Wedding Photographers in Montreal, de Belle Photography is an award-winning Montreal Wedding Photographer specializing in candid and documentary wedding images, with a fashion flair.\",\"publisher\":{\"@id\":\"https:\\\/\\\/debellephotography.com\\\/#organization\"},\"potentialAction\":[{\"@type\":\"SearchAction\",\"target\":{\"@type\":\"EntryPoint\",\"urlTemplate\":\"https:\\\/\\\/debellephotography.com\\\/?s={search_term_string}\"},\"query-input\":{\"@type\":\"PropertyValueSpecification\",\"valueRequired\":true,\"valueName\":\"search_term_string\"}}],\"inLanguage\":\"fr-FR\"},{\"@type\":\"Organization\",\"@id\":\"https:\\\/\\\/debellephotography.com\\\/#organization\",\"name\":\"de Belle Photography\",\"url\":\"https:\\\/\\\/debellephotography.com\\\/\",\"logo\":{\"@type\":\"ImageObject\",\"inLanguage\":\"fr-FR\",\"@id\":\"https:\\\/\\\/debellephotography.com\\\/#\\\/schema\\\/logo\\\/image\\\/\",\"url\":\"https:\\\/\\\/debellephotography.com\\\/wp-content\\\/uploads\\\/041_debellephotography.jpg\",\"contentUrl\":\"https:\\\/\\\/debellephotography.com\\\/wp-content\\\/uploads\\\/041_debellephotography.jpg\",\"width\":900,\"height\":900,\"caption\":\"de Belle Photography\"},\"image\":{\"@id\":\"https:\\\/\\\/debellephotography.com\\\/#\\\/schema\\\/logo\\\/image\\\/\"}}]}<\/script>\n<!-- \/ Yoast SEO plugin. -->","yoast_head_json":{"title":"Cin\u00e9ma - de Belle Photography | Montreal Wedding Photography | Montreal Wedding Photographer","robots":{"index":"index","follow":"follow","max-snippet":"max-snippet:-1","max-image-preview":"max-image-preview:large","max-video-preview":"max-video-preview:-1"},"canonical":"https:\/\/debellephotography.com\/fr\/cinema\/","og_locale":"fr_FR","og_type":"article","og_title":"Cin\u00e9ma - de Belle Photography | Montreal Wedding Photography | Montreal Wedding Photographer","og_description":"Nous capturons votre mariage ou \u00e9v\u00e9nement avec un regard cin\u00e9matographique, cr\u00e9ant de magnifiques images spontan\u00e9es, accompagn\u00e9es d\u2019un processus de montage cr\u00e9atif. Pour chaque \u00e9v\u00e9nement, nous fournissons vos images brutes et proposons une vari\u00e9t\u00e9 de formats de montage. Du clip populaire de 3 \u00e0 5 minutes, aux films complets de 20 \u00e0 30 minutes, nous adaptons [&hellip;]","og_url":"https:\/\/debellephotography.com\/fr\/cinema\/","og_site_name":"de Belle Photography | Montreal Wedding Photography | Montreal Wedding Photographer","article_modified_time":"2026-02-18T21:06:23+00:00","og_image":[{"width":2500,"height":1126,"url":"https:\/\/debellephotography.com\/wp-content\/uploads\/de-belle-photography-team-1.jpg","type":"image\/jpeg"}],"twitter_card":"summary_large_image","twitter_misc":{"Dur\u00e9e de lecture estim\u00e9e":"1 minute"},"schema":{"@context":"https:\/\/schema.org","@graph":[{"@type":"WebPage","@id":"https:\/\/debellephotography.com\/fr\/cinema\/","url":"https:\/\/debellephotography.com\/fr\/cinema\/","name":"Cin\u00e9ma - de Belle Photography | Montreal Wedding Photography | Montreal Wedding Photographer","isPartOf":{"@id":"https:\/\/debellephotography.com\/#website"},"primaryImageOfPage":{"@id":"https:\/\/debellephotography.com\/fr\/cinema\/#primaryimage"},"image":{"@id":"https:\/\/debellephotography.com\/fr\/cinema\/#primaryimage"},"thumbnailUrl":"https:\/\/debellephotography.com\/wp-content\/uploads\/de-belle-photography-team-1.jpg","datePublished":"2026-02-18T21:05:11+00:00","dateModified":"2026-02-18T21:06:23+00:00","breadcrumb":{"@id":"https:\/\/debellephotography.com\/fr\/cinema\/#breadcrumb"},"inLanguage":"fr-FR","potentialAction":[{"@type":"ReadAction","target":["https:\/\/debellephotography.com\/fr\/cinema\/"]}]},{"@type":"ImageObject","inLanguage":"fr-FR","@id":"https:\/\/debellephotography.com\/fr\/cinema\/#primaryimage","url":"https:\/\/debellephotography.com\/wp-content\/uploads\/de-belle-photography-team-1.jpg","contentUrl":"https:\/\/debellephotography.com\/wp-content\/uploads\/de-belle-photography-team-1.jpg","width":2500,"height":1126},{"@type":"BreadcrumbList","@id":"https:\/\/debellephotography.com\/fr\/cinema\/#breadcrumb","itemListElement":[{"@type":"ListItem","position":1,"name":"Home","item":"https:\/\/debellephotography.com\/fr\/accueil\/"},{"@type":"ListItem","position":2,"name":"Cin\u00e9ma"}]},{"@type":"WebSite","@id":"https:\/\/debellephotography.com\/#website","url":"https:\/\/debellephotography.com\/","name":"de Belle Photography | Montreal Wedding Photography | Montreal Wedding Photographer","description":"Voted in the top 10 best Wedding Photographers in Montreal, de Belle Photography is an award-winning Montreal Wedding Photographer specializing in candid and documentary wedding images, with a fashion flair.","publisher":{"@id":"https:\/\/debellephotography.com\/#organization"},"potentialAction":[{"@type":"SearchAction","target":{"@type":"EntryPoint","urlTemplate":"https:\/\/debellephotography.com\/?s={search_term_string}"},"query-input":{"@type":"PropertyValueSpecification","valueRequired":true,"valueName":"search_term_string"}}],"inLanguage":"fr-FR"},{"@type":"Organization","@id":"https:\/\/debellephotography.com\/#organization","name":"de Belle Photography","url":"https:\/\/debellephotography.com\/","logo":{"@type":"ImageObject","inLanguage":"fr-FR","@id":"https:\/\/debellephotography.com\/#\/schema\/logo\/image\/","url":"https:\/\/debellephotography.com\/wp-content\/uploads\/041_debellephotography.jpg","contentUrl":"https:\/\/debellephotography.com\/wp-content\/uploads\/041_debellephotography.jpg","width":900,"height":900,"caption":"de Belle Photography"},"image":{"@id":"https:\/\/debellephotography.com\/#\/schema\/logo\/image\/"}}]}},"_links":{"self":[{"href":"https:\/\/debellephotography.com\/fr\/wp-json\/wp\/v2\/pages\/13669","targetHints":{"allow":["GET"]}}],"collection":[{"href":"https:\/\/debellephotography.com\/fr\/wp-json\/wp\/v2\/pages"}],"about":[{"href":"https:\/\/debellephotography.com\/fr\/wp-json\/wp\/v2\/types\/page"}],"author":[{"embeddable":true,"href":"https:\/\/debellephotography.com\/fr\/wp-json\/wp\/v2\/users\/3"}],"replies":[{"embeddable":true,"href":"https:\/\/debellephotography.com\/fr\/wp-json\/wp\/v2\/comments?post=13669"}],"version-history":[{"count":3,"href":"https:\/\/debellephotography.com\/fr\/wp-json\/wp\/v2\/pages\/13669\/revisions"}],"predecessor-version":[{"id":13672,"href":"https:\/\/debellephotography.com\/fr\/wp-json\/wp\/v2\/pages\/13669\/revisions\/13672"}],"wp:featuredmedia":[{"embeddable":true,"href":"https:\/\/debellephotography.com\/fr\/wp-json\/wp\/v2\/media\/12879"}],"wp:attachment":[{"href":"https:\/\/debellephotography.com\/fr\/wp-json\/wp\/v2\/media?parent=13669"}],"curies":[{"name":"wp","href":"https:\/\/api.w.org\/{rel}","templated":true}]}}